{"id":96,"date":"2015-07-23T09:19:10","date_gmt":"2015-07-23T08:19:10","guid":{"rendered":"http:\/\/pem-fourmies.fr\/?page_id=96"},"modified":"2015-08-19T14:12:21","modified_gmt":"2015-08-19T13:12:21","slug":"visite-virtuelle","status":"publish","type":"page","link":"https:\/\/pem-fourmies.fr\/index.php\/visite-virtuelle\/","title":{"rendered":"Visite virtuelle"},"content":{"rendered":"<div id=\"metaslider-id-410\" style=\"max-width: 1200px;\" class=\"ml-slider-3-107-0 metaslider metaslider-flex metaslider-410 ml-slider has-dots-nav ms-theme-default\" role=\"region\" aria-label=\"Visite Virtuelle\" data-height=\"500\" data-width=\"1200\">\n    <div id=\"metaslider_container_410\">\n        <div id=\"metaslider_410\">\n            <ul class='slides'>\n                <li style=\"display: block; width: 100%;\" class=\"slide-1209 ms-image \" aria-roledescription=\"slide\" data-date=\"2015-11-20 23:31:03\" data-filename=\"Passerelle.jpg\" data-slide-type=\"image\"><img loading=\"lazy\" decoding=\"async\" src=\"https:\/\/pem-fourmies.fr\/wp-content\/uploads\/2015\/11\/Passerelle.jpg\" height=\"500\" width=\"1200\" alt=\"\" class=\"slider-410 slide-1209 msDefaultImage\" \/><\/li>\n                <li style=\"display: none; width: 100%;\" class=\"slide-401 ms-image \" aria-roledescription=\"slide\" data-date=\"2015-08-19 13:51:12\" data-filename=\"WP_20150819_14_05_56_Pro-e1439990379730-918x382.jpg\" data-slide-type=\"image\"><img loading=\"lazy\" decoding=\"async\" src=\"https:\/\/pem-fourmies.fr\/wp-content\/uploads\/2015\/08\/WP_20150819_14_05_56_Pro-e1439990379730-918x382.jpg\" height=\"500\" width=\"1200\" alt=\"\" class=\"slider-410 slide-401 msDefaultImage\" \/><div class=\"caption-wrap\"><div class=\"caption\">Notre LOGO !<\/div><\/div><\/li>\n                <li style=\"display: none; width: 100%;\" class=\"slide-1202 ms-image \" aria-roledescription=\"slide\" data-date=\"2015-11-20 23:30:44\" data-filename=\"Hall-1.jpg\" data-slide-type=\"image\"><img loading=\"lazy\" decoding=\"async\" src=\"https:\/\/pem-fourmies.fr\/wp-content\/uploads\/2015\/11\/Hall-1.jpg\" height=\"500\" width=\"1200\" alt=\"\" class=\"slider-410 slide-1202 msDefaultImage\" \/><div class=\"caption-wrap\"><div class=\"caption\">Bienvenue au P\u00f4le d'Enseignement Musical !<\/div><\/div><\/li>\n                <li style=\"display: none; width: 100%;\" class=\"slide-1195 ms-image \" aria-roledescription=\"slide\" data-date=\"2015-11-20 23:30:24\" data-filename=\"Ascenseur.jpg\" data-slide-type=\"image\"><img loading=\"lazy\" decoding=\"async\" src=\"https:\/\/pem-fourmies.fr\/wp-content\/uploads\/2015\/11\/Ascenseur.jpg\" height=\"500\" width=\"1200\" alt=\"\" class=\"slider-410 slide-1195 msDefaultImage\" \/><div class=\"caption-wrap\"><div class=\"caption\">Notre Etablissement est accessible \u00e0 tous...<\/div><\/div><\/li>\n                <li style=\"display: none; width: 100%;\" class=\"slide-1204 ms-image \" aria-roledescription=\"slide\" data-date=\"2015-11-20 23:30:49\" data-filename=\"MA-1.jpg\" data-slide-type=\"image\"><img loading=\"lazy\" decoding=\"async\" src=\"https:\/\/pem-fourmies.fr\/wp-content\/uploads\/2015\/11\/MA-1.jpg\" height=\"500\" width=\"1200\" alt=\"\" class=\"slider-410 slide-1204 msDefaultImage\" \/><div class=\"caption-wrap\"><div class=\"caption\">Salles d\u00e9di\u00e9es \u00e0 la pratique des musiques actuelles<\/div><\/div><\/li>\n                <li style=\"display: none; width: 100%;\" class=\"slide-1198 ms-image \" aria-roledescription=\"slide\" data-date=\"2015-11-20 23:30:35\" data-filename=\"FM-3.jpg\" data-slide-type=\"image\"><img loading=\"lazy\" decoding=\"async\" src=\"https:\/\/pem-fourmies.fr\/wp-content\/uploads\/2015\/11\/FM-3.jpg\" height=\"500\" width=\"1200\" alt=\"\" class=\"slider-410 slide-1198 msDefaultImage\" \/><div class=\"caption-wrap\"><div class=\"caption\">El\u00e8ves s\u00e9rieux et studieux !<\/div><\/div><\/li>\n                <li style=\"display: none; width: 100%;\" class=\"slide-1206 ms-image \" aria-roledescription=\"slide\" data-date=\"2015-11-20 23:30:54\" data-filename=\"MA-3.jpg\" data-slide-type=\"image\"><img loading=\"lazy\" decoding=\"async\" src=\"https:\/\/pem-fourmies.fr\/wp-content\/uploads\/2015\/11\/MA-3.jpg\" height=\"500\" width=\"1200\" alt=\"\" class=\"slider-410 slide-1206 msDefaultImage\" \/><div class=\"caption-wrap\"><div class=\"caption\">Mat\u00e9riel professionnel<\/div><\/div><\/li>\n                <li style=\"display: none; width: 100%;\" class=\"slide-1205 ms-image \" aria-roledescription=\"slide\" data-date=\"2015-11-20 23:30:52\" data-filename=\"MA-2.jpg\" data-slide-type=\"image\"><img loading=\"lazy\" decoding=\"async\" src=\"https:\/\/pem-fourmies.fr\/wp-content\/uploads\/2015\/11\/MA-2.jpg\" height=\"500\" width=\"1200\" alt=\"\" class=\"slider-410 slide-1205 msDefaultImage\" \/><div class=\"caption-wrap\"><div class=\"caption\">Acoustique et \u00e9lectronique...<\/div><\/div><\/li>\n                <li style=\"display: none; width: 100%;\" class=\"slide-1194 ms-image \" aria-roledescription=\"slide\" data-date=\"2015-11-20 23:30:22\" data-filename=\"202-2.jpg\" data-slide-type=\"image\"><img loading=\"lazy\" decoding=\"async\" src=\"https:\/\/pem-fourmies.fr\/wp-content\/uploads\/2015\/11\/202-2.jpg\" height=\"500\" width=\"1200\" alt=\"\" class=\"slider-410 slide-1194 msDefaultImage\" \/><div class=\"caption-wrap\"><div class=\"caption\">Auditorium<\/div><\/div><\/li>\n                <li style=\"display: none; width: 100%;\" class=\"slide-1210 ms-image \" aria-roledescription=\"slide\" data-date=\"2015-11-20 23:31:05\" data-filename=\"PERCU.jpg\" data-slide-type=\"image\"><img loading=\"lazy\" decoding=\"async\" src=\"https:\/\/pem-fourmies.fr\/wp-content\/uploads\/2015\/11\/PERCU.jpg\" height=\"500\" width=\"1200\" alt=\"\" class=\"slider-410 slide-1210 msDefaultImage\" \/><div class=\"caption-wrap\"><div class=\"caption\">Percussions<\/div><\/div><\/li>\n                <li style=\"display: none; width: 100%;\" class=\"slide-1201 ms-image \" aria-roledescription=\"slide\" data-date=\"2015-11-20 23:30:42\" data-filename=\"FM2.jpg\" data-slide-type=\"image\"><img loading=\"lazy\" decoding=\"async\" src=\"https:\/\/pem-fourmies.fr\/wp-content\/uploads\/2015\/11\/FM2.jpg\" height=\"500\" width=\"1200\" alt=\"\" class=\"slider-410 slide-1201 msDefaultImage\" \/><div class=\"caption-wrap\"><div class=\"caption\">Salle de classe pour la pratique collective<\/div><\/div><\/li>\n                <li style=\"display: none; width: 100%;\" class=\"slide-1197 ms-image \" aria-roledescription=\"slide\" data-date=\"2015-11-20 23:30:31\" data-filename=\"CLASSE-FLUTE.jpg\" data-slide-type=\"image\"><img loading=\"lazy\" decoding=\"async\" src=\"https:\/\/pem-fourmies.fr\/wp-content\/uploads\/2015\/11\/CLASSE-FLUTE.jpg\" height=\"500\" width=\"1200\" alt=\"\" class=\"slider-410 slide-1197 msDefaultImage\" \/><div class=\"caption-wrap\"><div class=\"caption\">Salle de classe pour la pratique instrumentale individuelle<\/div><\/div><\/li>\n                <li style=\"display: none; width: 100%;\" class=\"slide-1200 ms-image \" aria-roledescription=\"slide\" data-date=\"2015-11-20 23:30:40\" data-filename=\"fm1.jpg\" data-slide-type=\"image\"><img loading=\"lazy\" decoding=\"async\" src=\"https:\/\/pem-fourmies.fr\/wp-content\/uploads\/2015\/11\/fm1.jpg\" height=\"500\" width=\"1200\" alt=\"\" class=\"slider-410 slide-1200 msDefaultImage\" \/><div class=\"caption-wrap\"><div class=\"caption\">Salle de Formation Musicale<\/div><\/div><\/li>\n                <li style=\"display: none; width: 100%;\" class=\"slide-1199 ms-image \" aria-roledescription=\"slide\" data-date=\"2015-11-20 23:30:37\" data-filename=\"FM-4.jpg\" data-slide-type=\"image\"><img loading=\"lazy\" decoding=\"async\" src=\"https:\/\/pem-fourmies.fr\/wp-content\/uploads\/2015\/11\/FM-4.jpg\" height=\"500\" width=\"1200\" alt=\"\" class=\"slider-410 slide-1199 msDefaultImage\" \/><\/li>\n                <li style=\"display: none; width: 100%;\" class=\"slide-1208 ms-image \" aria-roledescription=\"slide\" data-date=\"2015-11-20 23:31:00\" data-filename=\"MA-5.jpg\" data-slide-type=\"image\"><img loading=\"lazy\" decoding=\"async\" src=\"https:\/\/pem-fourmies.fr\/wp-content\/uploads\/2015\/11\/MA-5.jpg\" height=\"500\" width=\"1200\" alt=\"\" class=\"slider-410 slide-1208 msDefaultImage\" \/><\/li>\n            <\/ul>\n        <\/div>\n        \n    <\/div>\n<\/div>\n<p>&nbsp;<\/p>\n","protected":false},"excerpt":{"rendered":"<p>&nbsp;<\/p>\n","protected":false},"author":1,"featured_media":0,"parent":0,"menu_order":0,"comment_status":"open","ping_status":"open","template":"etablissement.php","meta":{"_genesis_hide_title":false,"_genesis_hide_breadcrumbs":false,"_genesis_hide_singular_image":false,"_genesis_hide_footer_widgets":false,"_genesis_custom_body_class":"","_genesis_custom_post_class":"","_genesis_layout":"","footnotes":""},"class_list":{"0":"post-96","1":"page","2":"type-page","3":"status-publish","5":"entry"},"_links":{"self":[{"href":"https:\/\/pem-fourmies.fr\/index.php\/wp-json\/wp\/v2\/pages\/96","targetHints":{"allow":["GET"]}}],"collection":[{"href":"https:\/\/pem-fourmies.fr\/index.php\/wp-json\/wp\/v2\/pages"}],"about":[{"href":"https:\/\/pem-fourmies.fr\/index.php\/wp-json\/wp\/v2\/types\/page"}],"author":[{"embeddable":true,"href":"https:\/\/pem-fourmies.fr\/index.php\/wp-json\/wp\/v2\/users\/1"}],"replies":[{"embeddable":true,"href":"https:\/\/pem-fourmies.fr\/index.php\/wp-json\/wp\/v2\/comments?post=96"}],"version-history":[{"count":11,"href":"https:\/\/pem-fourmies.fr\/index.php\/wp-json\/wp\/v2\/pages\/96\/revisions"}],"predecessor-version":[{"id":413,"href":"https:\/\/pem-fourmies.fr\/index.php\/wp-json\/wp\/v2\/pages\/96\/revisions\/413"}],"wp:attachment":[{"href":"https:\/\/pem-fourmies.fr\/index.php\/wp-json\/wp\/v2\/media?parent=96"}],"curies":[{"name":"wp","href":"https:\/\/api.w.org\/{rel}","templated":true}]}}