{"id":90,"date":"2015-07-22T17:40:33","date_gmt":"2015-07-22T16:40:33","guid":{"rendered":"http:\/\/pem-fourmies.fr\/?page_id=90"},"modified":"2025-07-16T12:39:23","modified_gmt":"2025-07-16T11:39:23","slug":"equipe-pedagogique","status":"publish","type":"page","link":"https:\/\/pem-fourmies.fr\/index.php\/equipe-pedagogique\/","title":{"rendered":"Equipe p\u00e9dagogique"},"content":{"rendered":"<p><a href=\"https:\/\/pem-fourmies.fr\/wp-content\/uploads\/2021\/08\/Olivier-seul.jpg\"><img loading=\"lazy\" decoding=\"async\" class=\"alignnone size-medium wp-image-2549\" src=\"https:\/\/pem-fourmies.fr\/wp-content\/uploads\/2021\/08\/Olivier-seul-216x300.jpg\" alt=\"\" width=\"216\" height=\"300\" srcset=\"https:\/\/pem-fourmies.fr\/wp-content\/uploads\/2021\/08\/Olivier-seul-216x300.jpg 216w, https:\/\/pem-fourmies.fr\/wp-content\/uploads\/2021\/08\/Olivier-seul-736x1024.jpg 736w, https:\/\/pem-fourmies.fr\/wp-content\/uploads\/2021\/08\/Olivier-seul-768x1069.jpg 768w, https:\/\/pem-fourmies.fr\/wp-content\/uploads\/2021\/08\/Olivier-seul-1104x1536.jpg 1104w, https:\/\/pem-fourmies.fr\/wp-content\/uploads\/2021\/08\/Olivier-seul.jpg 1256w\" sizes=\"auto, (max-width: 216px) 100vw, 216px\" \/><\/a><\/p>\n<p>Olivier CAMBIER<br \/>Directeur du P\u00f4le d\u2019Enseignement Musical,<\/p>\n<p>Direction de l&rsquo;Orchestre Philharmonique.<\/p>\n<p><a href=\"https:\/\/pem-fourmies.fr\/wp-content\/uploads\/2018\/09\/Fr\u00e9d\u00e9ric-SITE-e1574947203800.jpg\"><img loading=\"lazy\" decoding=\"async\" class=\"alignnone wp-image-1872 size-medium\" src=\"https:\/\/pem-fourmies.fr\/wp-content\/uploads\/2018\/09\/Fr\u00e9d\u00e9ric-SITE-e1575033119285-300x300.jpg\" alt=\"\" width=\"300\" height=\"300\" srcset=\"https:\/\/pem-fourmies.fr\/wp-content\/uploads\/2018\/09\/Fr\u00e9d\u00e9ric-SITE-e1575033119285-300x300.jpg 300w, https:\/\/pem-fourmies.fr\/wp-content\/uploads\/2018\/09\/Fr\u00e9d\u00e9ric-SITE-e1575033119285-150x150.jpg 150w, https:\/\/pem-fourmies.fr\/wp-content\/uploads\/2018\/09\/Fr\u00e9d\u00e9ric-SITE-e1575033119285-768x768.jpg 768w, https:\/\/pem-fourmies.fr\/wp-content\/uploads\/2018\/09\/Fr\u00e9d\u00e9ric-SITE-e1575033119285-1024x1024.jpg 1024w\" sizes=\"auto, (max-width: 300px) 100vw, 300px\" \/><\/a><\/p>\n<p>Fr\u00e9d\u00e9ric BAJOM\u00c9E<br \/><a href=\"http:\/\/pem-fourmies.fr\/index.php\/departement-instrumental\/#claviers3\">Synth\u00e9tiseur<\/a><\/p>\n<p><img loading=\"lazy\" decoding=\"async\" class=\"alignnone wp-image-1058 size-thumbnail\" src=\"https:\/\/pem-fourmies.fr\/wp-content\/uploads\/2015\/11\/fm-150x150.jpg\" alt=\"\" width=\"150\" height=\"150\" \/><\/p>\n<p>V\u00e9ronique BORY<br \/><a href=\"http:\/\/pem-fourmies.fr\/index.php\/disciplines-2\/\">Formation Musicale enfants<\/a><\/p>\n<p><img loading=\"lazy\" decoding=\"async\" class=\"alignnone wp-image-962 size-medium\" src=\"https:\/\/pem-fourmies.fr\/wp-content\/uploads\/2015\/11\/Michael-3-e1575033514613-300x300.jpg\" alt=\"\" width=\"300\" height=\"300\" \/><\/p>\n<p>Micha\u00ebl CALLEJA<br \/><a href=\"http:\/\/pem-fourmies.fr\/index.php\/musique-actuelles\/#musAct4\">Guitare \u00e9lectrique<\/a><\/p>\n<p><img loading=\"lazy\" decoding=\"async\" class=\"alignnone wp-image-1059 size-thumbnail\" src=\"https:\/\/pem-fourmies.fr\/wp-content\/uploads\/2015\/11\/Percussion-150x150.jpg\" alt=\"\" width=\"150\" height=\"150\" \/><\/p>\n<p>Bruno D\u00c9MOUSSELLE<br \/><a href=\"http:\/\/pem-fourmies.fr\/index.php\/departement-instrumental\/#percu\">Percussions<\/a><\/p>\n<p><a href=\"https:\/\/pem-fourmies.fr\/wp-content\/uploads\/2021\/08\/Marilyn-2.jpg\"><img loading=\"lazy\" decoding=\"async\" class=\"alignnone size-medium wp-image-2547\" src=\"https:\/\/pem-fourmies.fr\/wp-content\/uploads\/2021\/08\/Marilyn-2-240x300.jpg\" alt=\"\" width=\"240\" height=\"300\" srcset=\"https:\/\/pem-fourmies.fr\/wp-content\/uploads\/2021\/08\/Marilyn-2-240x300.jpg 240w, https:\/\/pem-fourmies.fr\/wp-content\/uploads\/2021\/08\/Marilyn-2-819x1024.jpg 819w, https:\/\/pem-fourmies.fr\/wp-content\/uploads\/2021\/08\/Marilyn-2-768x960.jpg 768w, https:\/\/pem-fourmies.fr\/wp-content\/uploads\/2021\/08\/Marilyn-2-1229x1536.jpg 1229w, https:\/\/pem-fourmies.fr\/wp-content\/uploads\/2021\/08\/Marilyn-2-1638x2048.jpg 1638w, https:\/\/pem-fourmies.fr\/wp-content\/uploads\/2021\/08\/Marilyn-2.jpg 1939w\" sizes=\"auto, (max-width: 240px) 100vw, 240px\" \/><\/a><\/p>\n<p>Marilyn TESSON<br \/><a href=\"http:\/\/pem-fourmies.fr\/index.php\/musique-actuelles\/#musAct2\">Chant Moderne<\/a><br \/><a href=\"http:\/\/pem-fourmies.fr\/index.php\/departement-chorales\/#chorale2\">Chef de Ch\u0153ur de la Chorale des Jeunes<\/a><\/p>\n<p><a href=\"https:\/\/pem-fourmies.fr\/wp-content\/uploads\/2019\/11\/DSC_0110.jpg\"><img loading=\"lazy\" decoding=\"async\" class=\"alignnone wp-image-2119 size-medium\" src=\"https:\/\/pem-fourmies.fr\/wp-content\/uploads\/2019\/11\/DSC_0110-e1574943607265-300x300.jpg\" alt=\"\" width=\"300\" height=\"300\" srcset=\"https:\/\/pem-fourmies.fr\/wp-content\/uploads\/2019\/11\/DSC_0110-e1574943607265-300x300.jpg 300w, https:\/\/pem-fourmies.fr\/wp-content\/uploads\/2019\/11\/DSC_0110-e1574943607265-150x150.jpg 150w, https:\/\/pem-fourmies.fr\/wp-content\/uploads\/2019\/11\/DSC_0110-e1574943607265-768x767.jpg 768w, https:\/\/pem-fourmies.fr\/wp-content\/uploads\/2019\/11\/DSC_0110-e1574943607265-1024x1024.jpg 1024w\" sizes=\"auto, (max-width: 300px) 100vw, 300px\" \/><\/a><\/p>\n<p>Lydie DUCROT<br \/><a href=\"https:\/\/pem-fourmies.fr\/index.php\/departement-instrumental\/\">Cor<\/a><br \/><a href=\"https:\/\/pem-fourmies.fr\/index.php\/disciplines-2\/\">Formation musicale enfants et adultes<\/a><br \/><a href=\"https:\/\/pem-fourmies.fr\/index.php\/disciplines-2\/\">Pr\u00e9paration Option Musique au Bac<\/a><\/p>\n<p><a href=\"https:\/\/pem-fourmies.fr\/wp-content\/uploads\/2018\/09\/DSC_0005.jpg\"><img loading=\"lazy\" decoding=\"async\" class=\"alignnone wp-image-1815 size-medium\" src=\"https:\/\/pem-fourmies.fr\/wp-content\/uploads\/2018\/09\/DSC_0005-e1574867544900-300x300.jpg\" alt=\"\" width=\"300\" height=\"300\" srcset=\"https:\/\/pem-fourmies.fr\/wp-content\/uploads\/2018\/09\/DSC_0005-e1574867544900-300x300.jpg 300w, https:\/\/pem-fourmies.fr\/wp-content\/uploads\/2018\/09\/DSC_0005-e1574867544900-150x150.jpg 150w, https:\/\/pem-fourmies.fr\/wp-content\/uploads\/2018\/09\/DSC_0005-e1574867544900-768x767.jpg 768w, https:\/\/pem-fourmies.fr\/wp-content\/uploads\/2018\/09\/DSC_0005-e1574867544900-1024x1024.jpg 1024w\" sizes=\"auto, (max-width: 300px) 100vw, 300px\" \/><\/a><\/p>\n<p><span style=\"color: #000000;\">Youri KONIECZKA<br \/><\/span><a href=\"http:\/\/pem-fourmies.fr\/index.php\/departement-instrumental\/#corde1\">Guitare<\/a><\/p>\n<p><img loading=\"lazy\" decoding=\"async\" class=\"alignnone wp-image-919 size-medium\" src=\"https:\/\/pem-fourmies.fr\/wp-content\/uploads\/2015\/11\/Benoit-site-2-e1575034055592-300x300.jpg\" alt=\"\" width=\"300\" height=\"300\" srcset=\"https:\/\/pem-fourmies.fr\/wp-content\/uploads\/2015\/11\/Benoit-site-2-e1575034055592-300x300.jpg 300w, https:\/\/pem-fourmies.fr\/wp-content\/uploads\/2015\/11\/Benoit-site-2-e1575034055592-150x150.jpg 150w, https:\/\/pem-fourmies.fr\/wp-content\/uploads\/2015\/11\/Benoit-site-2-e1575034055592-1024x1024.jpg 1024w, https:\/\/pem-fourmies.fr\/wp-content\/uploads\/2015\/11\/Benoit-site-2-e1575034055592-768x768.jpg 768w\" sizes=\"auto, (max-width: 300px) 100vw, 300px\" \/><\/p>\n<p>Beno\u00eet LACOUR<br \/><a href=\"http:\/\/pem-fourmies.fr\/index.php\/departement-instrumental\/#claviers2\">Piano\u00a0<\/a><br \/><a href=\"http:\/\/pem-fourmies.fr\/index.php\/departement-voix\/\">Accompagnateur classe de Chant Lyrique\u00a0<\/a><br \/><a href=\"http:\/\/pem-fourmies.fr\/index.php\/departement-chorales\/\">Accompagnateur des Baladins de l&rsquo;Avesnois<\/a><\/p>\n<p><a href=\"https:\/\/pem-fourmies.fr\/wp-content\/uploads\/2025\/07\/DSCF4454-2-1-scaled.jpg\"><img loading=\"lazy\" decoding=\"async\" class=\"alignnone wp-image-10733 size-medium\" src=\"https:\/\/pem-fourmies.fr\/wp-content\/uploads\/2025\/07\/DSCF4454-2-1-300x200.jpg\" alt=\"\" width=\"300\" height=\"200\" srcset=\"https:\/\/pem-fourmies.fr\/wp-content\/uploads\/2025\/07\/DSCF4454-2-1-300x200.jpg 300w, https:\/\/pem-fourmies.fr\/wp-content\/uploads\/2025\/07\/DSCF4454-2-1-1024x683.jpg 1024w, https:\/\/pem-fourmies.fr\/wp-content\/uploads\/2025\/07\/DSCF4454-2-1-768x512.jpg 768w, https:\/\/pem-fourmies.fr\/wp-content\/uploads\/2025\/07\/DSCF4454-2-1-1536x1024.jpg 1536w, https:\/\/pem-fourmies.fr\/wp-content\/uploads\/2025\/07\/DSCF4454-2-1-2048x1365.jpg 2048w\" sizes=\"auto, (max-width: 300px) 100vw, 300px\" \/><\/a><\/p>\n<p>R\u00e9my PREVOT<br \/><a href=\"https:\/\/pem-fourmies.fr\/index.php\/departement-instrumental\/\">Saxophone<\/a><\/p>\n<p><img loading=\"lazy\" decoding=\"async\" class=\"alignnone wp-image-839 size-medium\" src=\"https:\/\/pem-fourmies.fr\/wp-content\/uploads\/2015\/11\/Micka\u00ebl-LOISEAU-e1575034336232-300x300.jpg\" alt=\"\" width=\"300\" height=\"300\" srcset=\"https:\/\/pem-fourmies.fr\/wp-content\/uploads\/2015\/11\/Micka\u00ebl-LOISEAU-e1575034336232-300x300.jpg 300w, https:\/\/pem-fourmies.fr\/wp-content\/uploads\/2015\/11\/Micka\u00ebl-LOISEAU-e1575034336232-150x150.jpg 150w, https:\/\/pem-fourmies.fr\/wp-content\/uploads\/2015\/11\/Micka\u00ebl-LOISEAU-e1575034336232-1024x1024.jpg 1024w, https:\/\/pem-fourmies.fr\/wp-content\/uploads\/2015\/11\/Micka\u00ebl-LOISEAU-e1575034336232-768x768.jpg 768w, https:\/\/pem-fourmies.fr\/wp-content\/uploads\/2015\/11\/Micka\u00ebl-LOISEAU-e1575034336232.jpg 1374w\" sizes=\"auto, (max-width: 300px) 100vw, 300px\" \/><\/p>\n<p>Micka\u00ebl LOISEAU<br \/><a href=\"http:\/\/pem-fourmies.fr\/index.php\/departement-instrumental\/#percu\">Percussions et\u00a0<\/a><a href=\"http:\/\/pem-fourmies.fr\/index.php\/musique-actuelles\/\">Batterie<\/a><\/p>\n<p><a href=\"https:\/\/pem-fourmies.fr\/wp-content\/uploads\/2018\/09\/Brandon-SITE.jpg\"><img loading=\"lazy\" decoding=\"async\" class=\"alignnone wp-image-1871 size-medium\" src=\"https:\/\/pem-fourmies.fr\/wp-content\/uploads\/2018\/09\/Brandon-SITE-e1575034381943-300x300.jpg\" alt=\"\" width=\"300\" height=\"300\" srcset=\"https:\/\/pem-fourmies.fr\/wp-content\/uploads\/2018\/09\/Brandon-SITE-e1575034381943-300x300.jpg 300w, https:\/\/pem-fourmies.fr\/wp-content\/uploads\/2018\/09\/Brandon-SITE-e1575034381943-150x150.jpg 150w, https:\/\/pem-fourmies.fr\/wp-content\/uploads\/2018\/09\/Brandon-SITE-e1575034381943-768x768.jpg 768w, https:\/\/pem-fourmies.fr\/wp-content\/uploads\/2018\/09\/Brandon-SITE-e1575034381943-1024x1024.jpg 1024w\" sizes=\"auto, (max-width: 300px) 100vw, 300px\" \/><\/a><\/p>\n<p>Brandon MALHERBE<br \/><a href=\"http:\/\/pem-fourmies.fr\/index.php\/departement-instrumental\/#corde1\">Guitare<\/a><\/p>\n<p><img loading=\"lazy\" decoding=\"async\" class=\"alignnone wp-image-1064 size-thumbnail\" style=\"font-size: inherit;\" src=\"https:\/\/pem-fourmies.fr\/wp-content\/uploads\/2015\/11\/violoncelle-800-150x150.jpg\" alt=\"\" width=\"150\" height=\"150\" \/><\/p>\n<p><br \/><a href=\"http:\/\/pem-fourmies.fr\/index.php\/departement-instrumental\/#corde3\">Violoncelle<\/a><\/p>\n<p><img loading=\"lazy\" decoding=\"async\" class=\"alignnone wp-image-1060 size-thumbnail\" src=\"https:\/\/pem-fourmies.fr\/wp-content\/uploads\/2015\/11\/piano-150x150.jpg\" alt=\"\" width=\"150\" height=\"150\" \/><\/p>\n<p>John MEULEMAN<br \/><a href=\"http:\/\/pem-fourmies.fr\/index.php\/departement-instrumental\/#claviers2\">Piano<\/a><br \/><a href=\"http:\/\/pem-fourmies.fr\/index.php\/departement-voix\/\">Accompagnateur de la classe de Chant Lyrique<\/a><\/p>\n<p><img loading=\"lazy\" decoding=\"async\" class=\"alignnone wp-image-573 size-medium\" src=\"https:\/\/pem-fourmies.fr\/wp-content\/uploads\/2015\/09\/Monique-MICHAT-e1575034421612-300x300.jpg\" alt=\"Monique MICHAT\" width=\"300\" height=\"300\" srcset=\"https:\/\/pem-fourmies.fr\/wp-content\/uploads\/2015\/09\/Monique-MICHAT-e1575034421612-300x300.jpg 300w, https:\/\/pem-fourmies.fr\/wp-content\/uploads\/2015\/09\/Monique-MICHAT-e1575034421612-150x150.jpg 150w, https:\/\/pem-fourmies.fr\/wp-content\/uploads\/2015\/09\/Monique-MICHAT-e1575034421612-1024x1024.jpg 1024w, https:\/\/pem-fourmies.fr\/wp-content\/uploads\/2015\/09\/Monique-MICHAT-e1575034421612-768x768.jpg 768w, https:\/\/pem-fourmies.fr\/wp-content\/uploads\/2015\/09\/Monique-MICHAT-e1575034421612.jpg 1248w\" sizes=\"auto, (max-width: 300px) 100vw, 300px\" \/><\/p>\n<p>Monique MICHAT<br \/><a href=\"http:\/\/pem-fourmies.fr\/index.php\/departement-voix\/\">Chant Lyrique<\/a><br \/><a href=\"http:\/\/pem-fourmies.fr\/index.php\/departement-chorales\/\">Chef de Ch\u0153ur des Baladins de l&rsquo;Avesnois<\/a><\/p>\n<p><a href=\"https:\/\/pem-fourmies.fr\/wp-content\/uploads\/2020\/08\/024.jpg\"><img loading=\"lazy\" decoding=\"async\" class=\"alignnone wp-image-2265 size-medium\" src=\"https:\/\/pem-fourmies.fr\/wp-content\/uploads\/2020\/08\/024-300x200.jpg\" alt=\"\" width=\"300\" height=\"200\" srcset=\"https:\/\/pem-fourmies.fr\/wp-content\/uploads\/2020\/08\/024-300x200.jpg 300w, https:\/\/pem-fourmies.fr\/wp-content\/uploads\/2020\/08\/024-768x512.jpg 768w, https:\/\/pem-fourmies.fr\/wp-content\/uploads\/2020\/08\/024.jpg 1000w\" sizes=\"auto, (max-width: 300px) 100vw, 300px\" \/><\/a><\/p>\n<p>Jean-Denis MALAQUIN<\/p>\n<p><a href=\"http:\/\/pem-fourmies.fr\/index.php\/departement-instrumental\/#claviers2\">Piano<\/a><\/p>\n<p><img loading=\"lazy\" decoding=\"async\" class=\"alignnone wp-image-1063 size-thumbnail\" src=\"https:\/\/pem-fourmies.fr\/wp-content\/uploads\/2015\/11\/violon-150x150.jpg\" alt=\"\" width=\"150\" height=\"150\" \/><\/p>\n<p>C\u00e9line MAQUA\u00a0<br \/><a href=\"http:\/\/pem-fourmies.fr\/index.php\/departement-instrumental\/#corde2\">Violon<\/a><\/p>\n<p><a href=\"https:\/\/pem-fourmies.fr\/wp-content\/uploads\/2015\/10\/SITE-PEM2-e1575034490188.jpg\"><img loading=\"lazy\" decoding=\"async\" class=\"alignnone wp-image-671 \" src=\"https:\/\/pem-fourmies.fr\/wp-content\/uploads\/2015\/10\/SITE-PEM2-e1575034490188-300x300.jpg\" alt=\"\" width=\"265\" height=\"265\" srcset=\"https:\/\/pem-fourmies.fr\/wp-content\/uploads\/2015\/10\/SITE-PEM2-e1575034490188-300x300.jpg 300w, https:\/\/pem-fourmies.fr\/wp-content\/uploads\/2015\/10\/SITE-PEM2-e1575034490188-150x150.jpg 150w, https:\/\/pem-fourmies.fr\/wp-content\/uploads\/2015\/10\/SITE-PEM2-e1575034490188-1024x1024.jpg 1024w, https:\/\/pem-fourmies.fr\/wp-content\/uploads\/2015\/10\/SITE-PEM2-e1575034490188-768x768.jpg 768w, https:\/\/pem-fourmies.fr\/wp-content\/uploads\/2015\/10\/SITE-PEM2-e1575034490188.jpg 1576w\" sizes=\"auto, (max-width: 265px) 100vw, 265px\" \/><\/a><\/p>\n<p>Marie-Charline RODRIQUE<br \/><a href=\"http:\/\/pem-fourmies.fr\/index.php\/departement-instrumental\/#bois3\">Fl\u00fbte Traversi\u00e8re<\/a><\/p>\n<p><img loading=\"lazy\" decoding=\"async\" class=\"alignnone wp-image-1068 size-thumbnail\" src=\"https:\/\/pem-fourmies.fr\/wp-content\/uploads\/2015\/11\/tuba-trombone-150x150.jpg\" alt=\"\" width=\"150\" height=\"150\" \/><\/p>\n<p>Arnaud SOUMILLON<br \/><a href=\"http:\/\/pem-fourmies.fr\/index.php\/departement-instrumental\/#cuivres2\">Trombone et\u00a0<\/a><a href=\"http:\/\/pem-fourmies.fr\/index.php\/departement-instrumental\/#cuivres4\">Tuba<\/a><\/p>\n<p><a href=\"https:\/\/pem-fourmies.fr\/wp-content\/uploads\/2019\/11\/DSC_0124.jpg\"><img loading=\"lazy\" decoding=\"async\" class=\"alignnone wp-image-2115 size-medium\" src=\"https:\/\/pem-fourmies.fr\/wp-content\/uploads\/2019\/11\/DSC_0124-e1575034554223-300x300.jpg\" alt=\"\" width=\"300\" height=\"300\" srcset=\"https:\/\/pem-fourmies.fr\/wp-content\/uploads\/2019\/11\/DSC_0124-e1575034554223-300x300.jpg 300w, https:\/\/pem-fourmies.fr\/wp-content\/uploads\/2019\/11\/DSC_0124-e1575034554223-150x150.jpg 150w, https:\/\/pem-fourmies.fr\/wp-content\/uploads\/2019\/11\/DSC_0124-e1575034554223-768x768.jpg 768w, https:\/\/pem-fourmies.fr\/wp-content\/uploads\/2019\/11\/DSC_0124-e1575034554223-1024x1024.jpg 1024w\" sizes=\"auto, (max-width: 300px) 100vw, 300px\" \/><\/a><\/p>\n<p>Pierre-Olivier TIRMANT<br \/><a href=\"https:\/\/pem-fourmies.fr\/index.php\/musique-actuelles\/\">Guitare basse<\/a><\/p>\n<p><a href=\"https:\/\/pem-fourmies.fr\/wp-content\/uploads\/2020\/11\/Marie-Laure-1.jpg\"><img loading=\"lazy\" decoding=\"async\" class=\"alignnone wp-image-2306 size-medium\" src=\"https:\/\/pem-fourmies.fr\/wp-content\/uploads\/2020\/11\/Marie-Laure-1-300x167.jpg\" alt=\"\" width=\"300\" height=\"167\" srcset=\"https:\/\/pem-fourmies.fr\/wp-content\/uploads\/2020\/11\/Marie-Laure-1-300x167.jpg 300w, https:\/\/pem-fourmies.fr\/wp-content\/uploads\/2020\/11\/Marie-Laure-1.jpg 533w\" sizes=\"auto, (max-width: 300px) 100vw, 300px\" \/><\/a><\/p>\n<p>Marie-Laure DEDUFFELEER<br \/><a href=\"http:\/\/pem-fourmies.fr\/index.php\/departement-instrumental\/#claviers1\">Accord\u00e9on Basses Standards, Chromatiques et num\u00e9rique<\/a><br \/>Chef d orchestre de l Ensemble d Accord\u00e9ons<\/p>\n\n\n<figure class=\"wp-block-image size-medium is-style-default\"><img loading=\"lazy\" decoding=\"async\" width=\"199\" height=\"300\" src=\"https:\/\/pem-fourmies.fr\/wp-content\/uploads\/2020\/11\/Lucien-Berrier-199x300.jpg\" alt=\"\" class=\"wp-image-2309\" srcset=\"https:\/\/pem-fourmies.fr\/wp-content\/uploads\/2020\/11\/Lucien-Berrier-199x300.jpg 199w, https:\/\/pem-fourmies.fr\/wp-content\/uploads\/2020\/11\/Lucien-Berrier.jpg 638w\" sizes=\"auto, (max-width: 199px) 100vw, 199px\" \/><\/figure>\n\n\n\n<p>Lucien BERRIER<\/p>\n\n\n\n<p>Clarinette et Saxophone <\/p>\n\n\n\n<p><\/p>\n\n\n\n<figure class=\"wp-block-image size-large\"><img loading=\"lazy\" decoding=\"async\" width=\"183\" height=\"275\" src=\"https:\/\/pem-fourmies.fr\/wp-content\/uploads\/2020\/11\/Audrey-Lovelace-Vasseur.jpg\" alt=\"\" class=\"wp-image-2314\"\/><\/figure>\n\n\n\n<p>Audrey Lovelace-Vasseur<\/p>\n\n\n\n<p>Trompette<\/p>\n","protected":false},"excerpt":{"rendered":"<p>Olivier CAMBIERDirecteur du P\u00f4le d\u2019Enseignement Musical, Direction de l&rsquo;Orchestre Philharmonique. Fr\u00e9d\u00e9ric BAJOM\u00c9ESynth\u00e9tiseur V\u00e9ronique BORYFormation Musicale enfants Micha\u00ebl CALLEJAGuitare \u00e9lectrique Bruno D\u00c9MOUSSELLEPercussions Marilyn TESSONChant ModerneChef de Ch\u0153ur de la Chorale des Jeunes Lydie DUCROTCorFormation musicale enfants et adultesPr\u00e9paration Option Musique au Bac Youri KONIECZKAGuitare Beno\u00eet LACOURPiano\u00a0Accompagnateur classe de Chant Lyrique\u00a0Accompagnateur des Baladins de l&rsquo;Avesnois R\u00e9my PREVOTSaxophone [&hellip;]<\/p>\n","protected":false},"author":1,"featured_media":0,"parent":0,"menu_order":0,"comment_status":"open","ping_status":"open","template":"etablissement.php","meta":{"_genesis_hide_title":false,"_genesis_hide_breadcrumbs":false,"_genesis_hide_singular_image":false,"_genesis_hide_footer_widgets":false,"_genesis_custom_body_class":"","_genesis_custom_post_class":"","_genesis_layout":"","footnotes":""},"class_list":{"0":"post-90","1":"page","2":"type-page","3":"status-publish","5":"entry","6":"has-post-thumbnail"},"_links":{"self":[{"href":"https:\/\/pem-fourmies.fr\/index.php\/wp-json\/wp\/v2\/pages\/90","targetHints":{"allow":["GET"]}}],"collection":[{"href":"https:\/\/pem-fourmies.fr\/index.php\/wp-json\/wp\/v2\/pages"}],"about":[{"href":"https:\/\/pem-fourmies.fr\/index.php\/wp-json\/wp\/v2\/types\/page"}],"author":[{"embeddable":true,"href":"https:\/\/pem-fourmies.fr\/index.php\/wp-json\/wp\/v2\/users\/1"}],"replies":[{"embeddable":true,"href":"https:\/\/pem-fourmies.fr\/index.php\/wp-json\/wp\/v2\/comments?post=90"}],"version-history":[{"count":227,"href":"https:\/\/pem-fourmies.fr\/index.php\/wp-json\/wp\/v2\/pages\/90\/revisions"}],"predecessor-version":[{"id":10736,"href":"https:\/\/pem-fourmies.fr\/index.php\/wp-json\/wp\/v2\/pages\/90\/revisions\/10736"}],"wp:attachment":[{"href":"https:\/\/pem-fourmies.fr\/index.php\/wp-json\/wp\/v2\/media?parent=90"}],"curies":[{"name":"wp","href":"https:\/\/api.w.org\/{rel}","templated":true}]}}