{"id":328,"date":"2015-07-31T13:26:40","date_gmt":"2015-07-31T12:26:40","guid":{"rendered":"http:\/\/pem-fourmies.fr\/?page_id=328"},"modified":"2025-07-16T12:44:43","modified_gmt":"2025-07-16T11:44:43","slug":"pre-inscriptions","status":"publish","type":"page","link":"https:\/\/pem-fourmies.fr\/index.php\/pre-inscriptions\/","title":{"rendered":"Pr\u00e9-inscriptions"},"content":{"rendered":"<h3><\/h3>\n<h3>Vous avez la possibilit\u00e9 pour les nouveaux \u00e9l\u00e8ves de faire votre pr\u00e9-inscription directement au P\u00f4le d\u2019Enseignement Musical de Fourmies <u>\u00e0 compter du 21\/06\/2025 et jusqu\u2019au 28\/07\/2025, <\/u>sous r\u00e9serve de places disponibles.<\/h3>\n<h3>Pour plus d&rsquo;informations, veuillez vous rapprocher du secr\u00e9tariat : 03 27 39 95 65<\/h3>\n","protected":false},"excerpt":{"rendered":"<p>Vous avez la possibilit\u00e9 pour les nouveaux \u00e9l\u00e8ves de faire votre pr\u00e9-inscription directement au P\u00f4le d\u2019Enseignement Musical de Fourmies \u00e0 compter du 21\/06\/2025 et jusqu\u2019au 28\/07\/2025, sous r\u00e9serve de places disponibles. Pour plus d&rsquo;informations, veuillez vous rapprocher du secr\u00e9tariat : 03 27 39 95 65<\/p>\n","protected":false},"author":1,"featured_media":0,"parent":0,"menu_order":0,"comment_status":"open","ping_status":"open","template":"inscription.php","meta":{"_genesis_hide_title":false,"_genesis_hide_breadcrumbs":false,"_genesis_hide_singular_image":false,"_genesis_hide_footer_widgets":false,"_genesis_custom_body_class":"","_genesis_custom_post_class":"","_genesis_layout":"","footnotes":""},"class_list":{"0":"post-328","1":"page","2":"type-page","3":"status-publish","5":"entry"},"_links":{"self":[{"href":"https:\/\/pem-fourmies.fr\/index.php\/wp-json\/wp\/v2\/pages\/328","targetHints":{"allow":["GET"]}}],"collection":[{"href":"https:\/\/pem-fourmies.fr\/index.php\/wp-json\/wp\/v2\/pages"}],"about":[{"href":"https:\/\/pem-fourmies.fr\/index.php\/wp-json\/wp\/v2\/types\/page"}],"author":[{"embeddable":true,"href":"https:\/\/pem-fourmies.fr\/index.php\/wp-json\/wp\/v2\/users\/1"}],"replies":[{"embeddable":true,"href":"https:\/\/pem-fourmies.fr\/index.php\/wp-json\/wp\/v2\/comments?post=328"}],"version-history":[{"count":10,"href":"https:\/\/pem-fourmies.fr\/index.php\/wp-json\/wp\/v2\/pages\/328\/revisions"}],"predecessor-version":[{"id":10741,"href":"https:\/\/pem-fourmies.fr\/index.php\/wp-json\/wp\/v2\/pages\/328\/revisions\/10741"}],"wp:attachment":[{"href":"https:\/\/pem-fourmies.fr\/index.php\/wp-json\/wp\/v2\/media?parent=328"}],"curies":[{"name":"wp","href":"https:\/\/api.w.org\/{rel}","templated":true}]}}