{"id":324,"date":"2015-07-31T13:25:58","date_gmt":"2015-07-31T12:25:58","guid":{"rendered":"http:\/\/pem-fourmies.fr\/?page_id=324"},"modified":"2025-07-16T12:42:58","modified_gmt":"2025-07-16T11:42:58","slug":"modalites-dinscriptions","status":"publish","type":"page","link":"https:\/\/pem-fourmies.fr\/index.php\/modalites-dinscriptions\/","title":{"rendered":"Modalit\u00e9s d&rsquo;inscriptions et de r\u00e9inscriptions"},"content":{"rendered":"<h1>Modalit\u00e9s d\u2019inscriptions<\/h1>\n<h3><u>Pour la rentr\u00e9e musicale prochaine 2025-2026<\/u>, vous avez la possibilit\u00e9 pour les nouveaux \u00e9l\u00e8ves de faire votre inscription en ligne au P\u00f4le d\u2019Enseignement Musical\u00a0 de Fourmies <u>\u00e0 compter du 21\/06\/2025 jusqu\u2019au 30\/09\/2025<\/u>\u00a0et sous r\u00e9serve de places disponibles.<\/h3>\n<h3>Une fois votre inscription effectu\u00e9e, vous recevrez un mail de confirmation.<\/h3>\n<h3>Les inscriptions sont toujours possibles sur format papier, le secr\u00e9tariat du PEM reste \u00e0 votre disposition en cas de besoin,<\/h3>\n<h3>Vous pouvez vous adresser \u00e0 l\u2019accueil au 03 27 39 95 65 aux heures d\u2019ouvertures habituelles.<\/h3>\n<ul>\n<li><a href=\"https:\/\/duonet.fr\/Public\/FormPreAdv.aspx?key=f1LR\/RB3Rmo=&amp;year=2023&amp;id=14&amp;opt=nksUKyLaGoaduuVyfMpCIAxy\/9G0Ix6c\" target=\"_blank\" rel=\"noopener\"><u>NOUVELLES INSCRIPTIONS ADULTES<\/u><\/a><\/li>\n<li><a href=\"https:\/\/duonet.fr\/Public\/FormPreAdv.aspx?key=f1LR\/RB3Rmo=&amp;year=2023&amp;id=15&amp;opt=XCXBXNV3IKp4xwRKs6cGfDU4pTToDl\/l\" target=\"_blank\" rel=\"noopener\"><u>NOUVELLES INSCRIPTIONS ENFANTS<\/u><\/a><\/li>\n<\/ul>\n<h1>Modalit\u00e9s de r\u00e9inscriptions<\/h1>\n<h3><strong>Les r\u00e9inscriptions au P\u00f4le d\u2019Enseignement Musical\u00a0 2025-2026 se d\u00e9roulent en ligne comme l\u2019ann\u00e9e derni\u00e8re.<\/strong><\/h3>\n<p>Cette m\u00e9thode de r\u00e9inscription permettra \u00e0 un grand nombre d&rsquo;effectuer les d\u00e9marches administratives sans avoir \u00e0 se d\u00e9placer ;\u00a0<strong><em><u>la cl\u00f4ture des r\u00e9inscriptions est fix\u00e9e au vendredi 28 juillet 2025 \u00e0 12h00<\/u><\/em><\/strong><\/p>\n<h3>Afin de permettre aux anciens \u00e9l\u00e8ves de se r\u00e9inscrire, un mail a \u00e9t\u00e9 envoy\u00e9 \u00e0 chacun avec les codes personnels permettant un acc\u00e8s au logiciel d\u00e9di\u00e9 aux r\u00e9inscriptions.\u00a0<\/h3>\n<p>Vous saurez que vous avez bien effectu\u00e9 votre r\u00e9inscription lorsque vous aurez re\u00e7u le mail de confirmation (pensez \u00e0 v\u00e9rifier dans vos mails ind\u00e9sirables ou spams).<\/p>\n<p><strong>Pour les fourmisiens<\/strong>,\u00a0la r\u00e9inscription ne sera effective qu&rsquo;apr\u00e8s r\u00e9ception d&rsquo;un\u00a0<strong>justificatif de domicile<\/strong>\u00a0(facture de t\u00e9l\u00e9phone, d&rsquo;eau, d&rsquo;\u00e9lectricit\u00e9&#8230;) afin de mettre en place le tarif.\u00a0<\/p>\n<p><strong>Pour les \u00e9l\u00e8ves de MUSIQUES ACTUELLES qui sont fourmisiens\u00a0<\/strong>(et uniquement pour ces \u00e9l\u00e8ves), et afin que le meilleur tarif soit factur\u00e9, un\u00a0<strong>avis de non-imposition<\/strong>\u00a0est obligatoire.<br \/>Les \u00e9l\u00e8ves qui ne produiront pas ce document devront tout de m\u00eame transmettre un justificatif de domicile et seront factur\u00e9s au tarif des \u00e9l\u00e8ves \u00ab\u00a0imposables\u00a0\u00bb\u00a0<\/p>\n<p>Ces documents sont \u00e0 envoyer par mail\u00a0<em>(scan ou photo)\u00a0<\/em>\u00e0 : olivier.cambier@pem-fourmies.fr<\/p>\n<p><strong>Info<\/strong> : l&rsquo;inscription de 9,50 euros est payable par tous les \u00e9l\u00e8ves qui prennent des cours <em>(pas pour les \u00e9l\u00e8ves qui ne participent qu&rsquo;aux orchestres et chorales)<\/em>. Ce montant sera \u00e0 r\u00e9gler avec la facture du 1er trimestre de chaque ann\u00e9e.<\/p>\n\n\n<p><\/p>\n\n\n\n<p><\/p>\n","protected":false},"excerpt":{"rendered":"<p>Modalit\u00e9s d\u2019inscriptions Pour la rentr\u00e9e musicale prochaine 2025-2026, vous avez la possibilit\u00e9 pour les nouveaux \u00e9l\u00e8ves de faire votre inscription en ligne au P\u00f4le d\u2019Enseignement Musical\u00a0 de Fourmies \u00e0 compter du 21\/06\/2025 jusqu\u2019au 30\/09\/2025\u00a0et sous r\u00e9serve de places disponibles. Une fois votre inscription effectu\u00e9e, vous recevrez un mail de confirmation. Les inscriptions sont toujours possibles [&hellip;]<\/p>\n","protected":false},"author":1,"featured_media":0,"parent":0,"menu_order":0,"comment_status":"open","ping_status":"open","template":"inscription.php","meta":{"_genesis_hide_title":false,"_genesis_hide_breadcrumbs":false,"_genesis_hide_singular_image":false,"_genesis_hide_footer_widgets":false,"_genesis_custom_body_class":"","_genesis_custom_post_class":"","_genesis_layout":"","footnotes":""},"class_list":{"0":"post-324","1":"page","2":"type-page","3":"status-publish","5":"entry"},"_links":{"self":[{"href":"https:\/\/pem-fourmies.fr\/index.php\/wp-json\/wp\/v2\/pages\/324","targetHints":{"allow":["GET"]}}],"collection":[{"href":"https:\/\/pem-fourmies.fr\/index.php\/wp-json\/wp\/v2\/pages"}],"about":[{"href":"https:\/\/pem-fourmies.fr\/index.php\/wp-json\/wp\/v2\/types\/page"}],"author":[{"embeddable":true,"href":"https:\/\/pem-fourmies.fr\/index.php\/wp-json\/wp\/v2\/users\/1"}],"replies":[{"embeddable":true,"href":"https:\/\/pem-fourmies.fr\/index.php\/wp-json\/wp\/v2\/comments?post=324"}],"version-history":[{"count":28,"href":"https:\/\/pem-fourmies.fr\/index.php\/wp-json\/wp\/v2\/pages\/324\/revisions"}],"predecessor-version":[{"id":10739,"href":"https:\/\/pem-fourmies.fr\/index.php\/wp-json\/wp\/v2\/pages\/324\/revisions\/10739"}],"wp:attachment":[{"href":"https:\/\/pem-fourmies.fr\/index.php\/wp-json\/wp\/v2\/media?parent=324"}],"curies":[{"name":"wp","href":"https:\/\/api.w.org\/{rel}","templated":true}]}}