{"id":220,"date":"2015-07-29T17:34:02","date_gmt":"2015-07-29T16:34:02","guid":{"rendered":"http:\/\/pem-fourmies.fr\/?page_id=220"},"modified":"2019-03-16T16:23:29","modified_gmt":"2019-03-16T15:23:29","slug":"musique-actuelles","status":"publish","type":"page","link":"https:\/\/pem-fourmies.fr\/index.php\/musique-actuelles\/","title":{"rendered":"Musique Actuelles"},"content":{"rendered":"<h2 id=\"musAct1\">Batterie<\/h2>\n<p>La batterie est apparue au d\u00e9but du XX\u00e8me si\u00e8cle. Elle est directement li\u00e9e \u00e0 la naissance du jazz. Les principaux \u00e9l\u00e9ments qui la composent sont les f\u00fbts (grosse caisse, caisse claire et 3 toms) et les cymbales. Tous ces \u00e9l\u00e9ments existaient d\u00e9j\u00e0 au sein des orchestres classiques et fanfares depuis des si\u00e8cles. La batterie a \u00e9volu\u00e9 tout au long du XX\u00e8me si\u00e8cle. Les f\u00fbts \u00e9taient \u00e9quip\u00e9s tout d\u2019abord de peaux d\u2019animaux puis dans les ann\u00e9es 50, la marque Remo commercialise la peau synth\u00e9tique. Dans les ann\u00e9es 70, l\u2019acoustique des f\u00fbts se d\u00e9veloppe, les baguettes deviennent plus ergonomiques. Aujourd\u2019hui, la qualit\u00e9 du bois, le vernissage, l\u2019accastillage, les accessoires et la finition sont d\u00e9terminant dans le choix d\u2019une batterie acoustique. Instrument incontournable dans la chanson populaire, indispensable dans la rythmique, elle suit l\u2019\u00e9volution de la musique en termes de sonorit\u00e9 et change d\u2019apparence avec la popularisation de la batterie \u00e9lectronique dans les ann\u00e9es 80 (pads et cymbales en caoutchouc, modules et triggers). A l\u2019heure actuelle, les batteurs associent les 2 instruments ou utilisent uniquement les triggers (capteurs) attach\u00e9s aux f\u00fbts et cymbales donnant ainsi naissance aux batteries hybrides.<\/p>\n<p><iframe loading=\"lazy\" title=\"Marco Minnemann - Drum For Your Life (Performance)\" width=\"500\" height=\"281\" src=\"https:\/\/www.youtube.com\/embed\/Z89riOo-8pM?feature=oembed\" frameborder=\"0\" allow=\"accelerometer; autoplay; clipboard-write; encrypted-media; gyroscope; picture-in-picture; web-share\" referrerpolicy=\"strict-origin-when-cross-origin\" allowfullscreen><\/iframe><\/p>\n<h2 id=\"musAct2\">Chant moderne<\/h2>\n<p>La voix est un instrument aussi complexe que passionnant, et \u00e0 ce titre elle se travaille\u2026<\/p>\n<p>Comprendre les m\u00e9canismes du souffle, savoir placer sa voix, mieux conna\u00eetre ses possibilit\u00e9s vocales sont autant d\u2019\u00e9l\u00e9ments que la technique vocale permet de mettre en place.<\/p>\n<p>Ainsi lib\u00e9r\u00e9 des contraintes techniques et dans l\u2019objectif de prendre du plaisir (et d\u2019en donner\u2026), l\u2019\u00e9l\u00e8ve pourra alors aborder un r\u00e9pertoire adapt\u00e9 \u00e0 sa tessiture en explorant des styles de musiques vari\u00e9s (rock, pop, chanson fran\u00e7aise ou vari\u00e9t\u00e9 internationale\u2026)<\/p>\n<p>Il aura \u00e9galement l\u2019occasion de mettre son apprentissage en pratique lors d\u2019un concert de fin d\u2019ann\u00e9e, accompagn\u00e9 des musiciens des classes de batterie, guitare et basse des Musiques Actuelles et ainsi travailler son interpr\u00e9tation et approfondir son aisance sc\u00e9nique.<\/p>\n<p><iframe loading=\"lazy\" title=\"Snarky Puppy feat. Lalah Hathaway - Something (Family Dinner - Volume One)\" width=\"500\" height=\"281\" src=\"https:\/\/www.youtube.com\/embed\/0SJIgTLe0hc?feature=oembed\" frameborder=\"0\" allow=\"accelerometer; autoplay; clipboard-write; encrypted-media; gyroscope; picture-in-picture; web-share\" referrerpolicy=\"strict-origin-when-cross-origin\" allowfullscreen><\/iframe><\/p>\n<h2 id=\"musAct3\">Guitare Basse<\/h2>\n<p>La guitare basse (simplement appel\u00e9e basse) est un instrument \u00e0 cordes, con\u00e7u sur le m\u00eame principe que la guitare, mais dans un registre grave.<\/p>\n<p>Elle poss\u00e8de g\u00e9n\u00e9ralement 4 cordes, mais peut aussi en avoir 5, 6 ou plus.<\/p>\n<p>Apparu dans les ann\u00e9es 50, elle avait vocation \u00e0 \u00ab\u00a0remplacer\u00a0\u00bb son anc\u00eatre la contrebasse, pour pallier le manque de puissance sonore li\u00e9 aux nouveaux styles musicaux, mais \u00e9galement pour r\u00e9gler le probl\u00e8me de l\u2019encombrement de l\u2019instrument.<\/p>\n<p>V\u00e9ritable pilier des groupes de musiques actuelles, de par son cot\u00e9 rythmique et l&rsquo;accompagnement des graves, la guitare basse est g\u00e9n\u00e9ralement utilis\u00e9e pour jouer la ligne de basse au sein de la section rythmique (basse batterie + guitare \/ clavier rythmique). Elle peut parfois aussi prendre le r\u00f4le de soliste, dans le jazz fusion par exemple.<\/p>\n<p><iframe loading=\"lazy\" title=\"VULFPECK \/\/\/ Dean Town\" width=\"500\" height=\"375\" src=\"https:\/\/www.youtube.com\/embed\/le0BLAEO93g?feature=oembed\" frameborder=\"0\" allow=\"accelerometer; autoplay; clipboard-write; encrypted-media; gyroscope; picture-in-picture; web-share\" referrerpolicy=\"strict-origin-when-cross-origin\" allowfullscreen><\/iframe><\/p>\n<p><iframe loading=\"lazy\" title=\"Red Hot Chili Peppers - Give It Away [Official Music Video]\" width=\"500\" height=\"375\" src=\"https:\/\/www.youtube.com\/embed\/Mr_uHJPUlO8?feature=oembed\" frameborder=\"0\" allow=\"accelerometer; autoplay; clipboard-write; encrypted-media; gyroscope; picture-in-picture; web-share\" referrerpolicy=\"strict-origin-when-cross-origin\" allowfullscreen><\/iframe><\/p>\n<h2 id=\"musAct4\">Guitare \u00e9lectrique<\/h2>\n<p>Depuis son invention, la guitare est un instrument qui a tir\u00e9 \u00e9norm\u00e9ment de profits des \u00e9volutions mat\u00e9rielles et techniques musicales. On associe fr\u00e9quemment, de nos jours, cet instrument aux musiques dites amplifi\u00e9es.<\/p>\n<p>Si l&rsquo;apprentissage de la guitare basique de la guitare moderne reste le m\u00eame que celui de la guitare classique, on pourra plus facilement lui associer celui de l&rsquo;improvisation (jazz, blues, rock&#8230;) ainsi que celui de l&rsquo;utilisation du mat\u00e9riel (ampli, p\u00e9dalier, p\u00e9dales d&rsquo;effets&#8230;).<\/p>\n<p>C&rsquo;est donc en abordant ces diff\u00e9rentes techniques, ainsi que celles du jeu en groupe, que nous vous proposons de venir Re&#8230;d\u00e9couvrir cet instrument.<\/p>\n<p>Ci-dessous, quelques exemples d&rsquo;artistes qui ont fait ou qui font vivre la guitare moderne et qui pourront \u00eatre \u00e9tudi\u00e9s lors de nos cours.<\/p>\n<p><iframe loading=\"lazy\" title=\"The Guitar Gods - Guthrie Govan:  &quot;Wonderful Slippery Thing&quot;\" width=\"500\" height=\"281\" src=\"https:\/\/www.youtube.com\/embed\/aA8fzsE7tWU?feature=oembed\" frameborder=\"0\" allow=\"accelerometer; autoplay; clipboard-write; encrypted-media; gyroscope; picture-in-picture; web-share\" referrerpolicy=\"strict-origin-when-cross-origin\" allowfullscreen><\/iframe><\/p>\n<p><iframe loading=\"lazy\" title=\"City Lights - Lari Basilio\" width=\"500\" height=\"281\" src=\"https:\/\/www.youtube.com\/embed\/JbJ7v33yv8M?feature=oembed\" frameborder=\"0\" allow=\"accelerometer; autoplay; clipboard-write; encrypted-media; gyroscope; picture-in-picture; web-share\" referrerpolicy=\"strict-origin-when-cross-origin\" allowfullscreen><\/iframe><\/p>\n","protected":false},"excerpt":{"rendered":"<p>Batterie La batterie est apparue au d\u00e9but du XX\u00e8me si\u00e8cle. Elle est directement li\u00e9e \u00e0 la naissance du jazz. Les principaux \u00e9l\u00e9ments qui la composent sont les f\u00fbts (grosse caisse, caisse claire et 3 toms) et les cymbales. Tous ces \u00e9l\u00e9ments existaient d\u00e9j\u00e0 au sein des orchestres classiques et fanfares depuis des si\u00e8cles. La batterie [&hellip;]<\/p>\n","protected":false},"author":1,"featured_media":0,"parent":0,"menu_order":0,"comment_status":"open","ping_status":"open","template":"disciplines.php","meta":{"_genesis_hide_title":false,"_genesis_hide_breadcrumbs":false,"_genesis_hide_singular_image":false,"_genesis_hide_footer_widgets":false,"_genesis_custom_body_class":"","_genesis_custom_post_class":"","_genesis_layout":"","footnotes":""},"class_list":{"0":"post-220","1":"page","2":"type-page","3":"status-publish","5":"entry"},"_links":{"self":[{"href":"https:\/\/pem-fourmies.fr\/index.php\/wp-json\/wp\/v2\/pages\/220","targetHints":{"allow":["GET"]}}],"collection":[{"href":"https:\/\/pem-fourmies.fr\/index.php\/wp-json\/wp\/v2\/pages"}],"about":[{"href":"https:\/\/pem-fourmies.fr\/index.php\/wp-json\/wp\/v2\/types\/page"}],"author":[{"embeddable":true,"href":"https:\/\/pem-fourmies.fr\/index.php\/wp-json\/wp\/v2\/users\/1"}],"replies":[{"embeddable":true,"href":"https:\/\/pem-fourmies.fr\/index.php\/wp-json\/wp\/v2\/comments?post=220"}],"version-history":[{"count":11,"href":"https:\/\/pem-fourmies.fr\/index.php\/wp-json\/wp\/v2\/pages\/220\/revisions"}],"predecessor-version":[{"id":1960,"href":"https:\/\/pem-fourmies.fr\/index.php\/wp-json\/wp\/v2\/pages\/220\/revisions\/1960"}],"wp:attachment":[{"href":"https:\/\/pem-fourmies.fr\/index.php\/wp-json\/wp\/v2\/media?parent=220"}],"curies":[{"name":"wp","href":"https:\/\/api.w.org\/{rel}","templated":true}]}}