{"id":216,"date":"2015-07-29T17:29:58","date_gmt":"2015-07-29T16:29:58","guid":{"rendered":"http:\/\/pem-fourmies.fr\/?page_id=216"},"modified":"2015-11-21T22:30:27","modified_gmt":"2015-11-21T21:30:27","slug":"departement-orchestres","status":"publish","type":"page","link":"https:\/\/pem-fourmies.fr\/index.php\/departement-orchestres\/","title":{"rendered":"D\u00e9partement Orchestres"},"content":{"rendered":"<h2 id=\"orchestre1\">Orchestre Philharmonique de Fourmies<\/h2>\n<p><a href=\"http:\/\/pem-fourmies.fr\/wp-content\/uploads\/2015\/11\/OPF-R\u00e9p\u00e9tition.jpg\"><img loading=\"lazy\" decoding=\"async\" class=\"alignright wp-image-948 size-medium\" title=\"R\u00e9p\u00e9tition G\u00e9n\u00e9rale &quot;Fourmies Star 4&quot;\" src=\"http:\/\/pem-fourmies.fr\/wp-content\/uploads\/2015\/11\/OPF-R\u00e9p\u00e9tition-300x201.jpg\" alt=\"OPF R\u00e9p\u00e9tition\" width=\"300\" height=\"201\" srcset=\"https:\/\/pem-fourmies.fr\/wp-content\/uploads\/2015\/11\/OPF-R\u00e9p\u00e9tition-300x201.jpg 300w, https:\/\/pem-fourmies.fr\/wp-content\/uploads\/2015\/11\/OPF-R\u00e9p\u00e9tition-1024x685.jpg 1024w\" sizes=\"auto, (max-width: 300px) 100vw, 300px\" \/><\/a><\/p>\n<p>Comprenant <em>82\u00a0musiciens<\/em><strong>,<\/strong> l&rsquo;Orchestre Philharmonique de Fourmies est, sans conteste, l&rsquo;Orchestre de r\u00e9f\u00e9rence du P\u00f4le d&rsquo;Enseignement Musical. Form\u00e9 d&rsquo;\u00e9l\u00e8ves, d&rsquo;anciens \u00e9l\u00e8ves, de musiciens de la r\u00e9gion et d&rsquo;enseignants du P\u00f4le, cet orchestre aime surprendre son public en lui proposant toujours une facette m\u00e9connue des orchestres dits \u00ab\u00a0d&rsquo;harmonie\u00a0\u00bb.<\/p>\n<p>Il\u00a0est form\u00e9 de :<\/p>\n<p>15 fl\u00fbtes traversi\u00e8res, 12 clarinettes,\u00a01\u00a0clarinette basse, 13 saxophones alto, 2 saxophones t\u00e9nor, 1 saxophone\u00a0baryton, 3 violons, 1 basson, 10 trompettes, \u00a02\u00a0bugles, 4 cors, 8 trombones, 3 tubas,\u00a01 contre tuba, 1\u00a0guitare basse, 1 batterie et 4 percussions.<\/p>\n<p>Musiques de pub, de films, de jazz, de\u00a0vari\u00e9t\u00e9s&#8230; chaque th\u00e8me de concert m\u00e9tamorphose l&rsquo;orchestre qui s&rsquo;approprie le nouveau style demand\u00e9.<\/p>\n<p>https:\/\/www.youtube.com\/watch?v=e9SGqBs8H3Y<\/p>\n<h2 id=\"orchestre2\">Ensemble d&rsquo;Accord\u00e9ons<\/h2>\n<p>L&rsquo;Ensemble d&rsquo;accord\u00e9ons permet, aux \u00e9l\u00e8ves de jouer, sous la forme d&rsquo;un orchestre, tous styles de musique.<\/p>\n<p>Lors de certaines repr\u00e9sentations, l&rsquo;ensemble est accompagn\u00e9 par des \u00e9l\u00e8ves d&rsquo;autres classes du PEM (percussions, cuivres, vent, cordes&#8230;) afin de m\u00e9langer et d&rsquo;enrichir les diff\u00e9rents timbres ainsi obtenus.<\/p>\n<p>Cette formule permet de cr\u00e9er une certaine \u00e9mulation entre les musiciens mais aussi de se produire\u00a0sur sc\u00e8ne avec un r\u00e9el projet musical (auditions ou intervention diverses au sein de la commune de FOURMIES).<\/p>\n<p>Les \u00e9l\u00e8ves ressentent\u00a0une certaine motivation et prennent beaucoup de plaisir \u00e0 partager ces moments musicaux. Cela leurs permet \u00e9galement de mieux s&rsquo;\u00e9couter et de s&rsquo;exprimer autrement.<\/p>\n<h2 id=\"orchestre3\">Classe d&rsquo;Orchestre<\/h2>\n<p>Elle pr\u00e9pare les \u00e9l\u00e8ves \u00e0 entrer dans l&rsquo;Orchestre Philharmonique de Fourmies. C&rsquo;est le \u00ab\u00a0petit bain\u00a0\u00bb avant le \u00ab\u00a0grand bain\u00a0\u00bb ! Cet orchestre comprend les m\u00eames instruments que celui de l&rsquo;Orchestre Philharmonique. C&rsquo;est dans un programme adapt\u00e9 \u00e0 leur niveau que chaque semaine, les musiciens, apprennent \u00e0 d\u00e9couvrir le travail d&rsquo;orchestre.<\/p>\n<h2 id=\"orchestre4\">Classe de Cordes<\/h2>\n<p>Form\u00e9 de violons et de violoncelles, cette classe fait d\u00e9couvrir,\u00a0\u00e0 la section des cordes, les joies de la musique d&rsquo;ensemble.<\/p>\n<h2 id=\"orchestre5\">Musique d&rsquo;Ensemble<\/h2>\n<p>Chaque semaine, des musiciens de l&rsquo;Orchestre Philharmonique se r\u00e9unissent pour travailler en d\u00e9tail les pi\u00e8ces du prochain concert.<\/p>\n","protected":false},"excerpt":{"rendered":"<p>Orchestre Philharmonique de Fourmies Comprenant 82\u00a0musiciens, l&rsquo;Orchestre Philharmonique de Fourmies est, sans conteste, l&rsquo;Orchestre de r\u00e9f\u00e9rence du P\u00f4le d&rsquo;Enseignement Musical. Form\u00e9 d&rsquo;\u00e9l\u00e8ves, d&rsquo;anciens \u00e9l\u00e8ves, de musiciens de la r\u00e9gion et d&rsquo;enseignants du P\u00f4le, cet orchestre aime surprendre son public en lui proposant toujours une facette m\u00e9connue des orchestres dits \u00ab\u00a0d&rsquo;harmonie\u00a0\u00bb. Il\u00a0est form\u00e9 de : 15 [&hellip;]<\/p>\n","protected":false},"author":1,"featured_media":0,"parent":0,"menu_order":0,"comment_status":"open","ping_status":"closed","template":"disciplines.php","meta":{"_genesis_hide_title":false,"_genesis_hide_breadcrumbs":false,"_genesis_hide_singular_image":false,"_genesis_hide_footer_widgets":false,"_genesis_custom_body_class":"","_genesis_custom_post_class":"","_genesis_layout":"","footnotes":""},"class_list":{"0":"post-216","1":"page","2":"type-page","3":"status-publish","5":"entry","6":"has-post-thumbnail"},"_links":{"self":[{"href":"https:\/\/pem-fourmies.fr\/index.php\/wp-json\/wp\/v2\/pages\/216","targetHints":{"allow":["GET"]}}],"collection":[{"href":"https:\/\/pem-fourmies.fr\/index.php\/wp-json\/wp\/v2\/pages"}],"about":[{"href":"https:\/\/pem-fourmies.fr\/index.php\/wp-json\/wp\/v2\/types\/page"}],"author":[{"embeddable":true,"href":"https:\/\/pem-fourmies.fr\/index.php\/wp-json\/wp\/v2\/users\/1"}],"replies":[{"embeddable":true,"href":"https:\/\/pem-fourmies.fr\/index.php\/wp-json\/wp\/v2\/comments?post=216"}],"version-history":[{"count":31,"href":"https:\/\/pem-fourmies.fr\/index.php\/wp-json\/wp\/v2\/pages\/216\/revisions"}],"predecessor-version":[{"id":1262,"href":"https:\/\/pem-fourmies.fr\/index.php\/wp-json\/wp\/v2\/pages\/216\/revisions\/1262"}],"wp:attachment":[{"href":"https:\/\/pem-fourmies.fr\/index.php\/wp-json\/wp\/v2\/media?parent=216"}],"curies":[{"name":"wp","href":"https:\/\/api.w.org\/{rel}","templated":true}]}}