{"id":214,"date":"2015-07-29T17:26:49","date_gmt":"2015-07-29T16:26:49","guid":{"rendered":"http:\/\/pem-fourmies.fr\/?page_id=214"},"modified":"2015-11-12T17:03:04","modified_gmt":"2015-11-12T16:03:04","slug":"departement-voix","status":"publish","type":"page","link":"https:\/\/pem-fourmies.fr\/index.php\/departement-voix\/","title":{"rendered":"D\u00e9partement Voix"},"content":{"rendered":"<h2>Chant Lyrique<\/h2>\n<p>Comment chanter sans micro et que l\u2019on m\u2019entende, voil\u00e0 le travail primordial du chant lyrique\u2026.<\/p>\n<p>La nature nous attribue cette qualit\u00e9 rarement naturellement, un peu ou pas du tout.<\/p>\n<p>Le r\u00e9pertoire lyrique se chante en g\u00e9n\u00e9ral toujours en\u00a0 \u00ab\u00a0acoustique\u00a0\u00bb accompagn\u00e9 d\u2019un piano, un petit ensemble d\u2019instrument ou d\u2019un orchestre.<\/p>\n<p>La soufflerie (Respiration), le vibrateur (Les cordes vocales) et la caisse de r\u00e9sonance (Le pharynx, le bouche et les sinus) sont les trois pi\u00e8ces ma\u00eetresses \u00e9tudi\u00e9es pour y arriver.<\/p>\n<p>Le r\u00e9pertoire lyrique, con\u00e7u pour \u00eatre accompagn\u00e9 d\u2019instruments non amplifi\u00e9s, sera donc \u00e9tudi\u00e9.<\/p>\n<p>Vous d\u00e9couvrirez, op\u00e9ra, op\u00e9ra comique, musique sacr\u00e9e, m\u00e9lodie, lieder en solo, duo, trio quatuor et ensemble.<\/p>\n<p>Travailler sur ces partitions ne sera possible sans poss\u00e9der quelques notions solph\u00e9giques, ou, tout simplement fr\u00e9quenter le cours de formation musicale d\u00e8s le d\u00e9but.<\/p>\n<p>La pr\u00e9sence sc\u00e9nique, indispensable pour chanter en public, sera elle aussi abord\u00e9e.<\/p>\n<p>Fr\u00e9quenter le cours de chant lyrique est possible \u00e0 partir de 16 ans jusqu\u2019\u00e0\u00a0un \u00e2ge avanc\u00e9.<\/p>\n<p>C\u2019est l\u00e0 l\u2019avantage de cet instrument que l\u2019on peut cultiver bien longtemps avec un minimum de travail et de plaisir, bien s\u00fbr\u00a0!<\/p>\n<p>&nbsp;<\/p>\n<p>&nbsp;<\/p>\n","protected":false},"excerpt":{"rendered":"<p>Chant Lyrique Comment chanter sans micro et que l\u2019on m\u2019entende, voil\u00e0 le travail primordial du chant lyrique\u2026. La nature nous attribue cette qualit\u00e9 rarement naturellement, un peu ou pas du tout. Le r\u00e9pertoire lyrique se chante en g\u00e9n\u00e9ral toujours en\u00a0 \u00ab\u00a0acoustique\u00a0\u00bb accompagn\u00e9 d\u2019un piano, un petit ensemble d\u2019instrument ou d\u2019un orchestre. La soufflerie (Respiration), le [&hellip;]<\/p>\n","protected":false},"author":1,"featured_media":0,"parent":0,"menu_order":0,"comment_status":"open","ping_status":"closed","template":"disciplines.php","meta":{"_genesis_hide_title":false,"_genesis_hide_breadcrumbs":false,"_genesis_hide_singular_image":false,"_genesis_hide_footer_widgets":false,"_genesis_custom_body_class":"","_genesis_custom_post_class":"","_genesis_layout":"","footnotes":""},"class_list":{"0":"post-214","1":"page","2":"type-page","3":"status-publish","5":"entry"},"_links":{"self":[{"href":"https:\/\/pem-fourmies.fr\/index.php\/wp-json\/wp\/v2\/pages\/214","targetHints":{"allow":["GET"]}}],"collection":[{"href":"https:\/\/pem-fourmies.fr\/index.php\/wp-json\/wp\/v2\/pages"}],"about":[{"href":"https:\/\/pem-fourmies.fr\/index.php\/wp-json\/wp\/v2\/types\/page"}],"author":[{"embeddable":true,"href":"https:\/\/pem-fourmies.fr\/index.php\/wp-json\/wp\/v2\/users\/1"}],"replies":[{"embeddable":true,"href":"https:\/\/pem-fourmies.fr\/index.php\/wp-json\/wp\/v2\/comments?post=214"}],"version-history":[{"count":4,"href":"https:\/\/pem-fourmies.fr\/index.php\/wp-json\/wp\/v2\/pages\/214\/revisions"}],"predecessor-version":[{"id":987,"href":"https:\/\/pem-fourmies.fr\/index.php\/wp-json\/wp\/v2\/pages\/214\/revisions\/987"}],"wp:attachment":[{"href":"https:\/\/pem-fourmies.fr\/index.php\/wp-json\/wp\/v2\/media?parent=214"}],"curies":[{"name":"wp","href":"https:\/\/api.w.org\/{rel}","templated":true}]}}