{"id":21,"date":"2015-05-06T16:24:19","date_gmt":"2015-05-06T15:24:19","guid":{"rendered":"http:\/\/pem\/?page_id=21"},"modified":"2025-07-16T12:31:12","modified_gmt":"2025-07-16T11:31:12","slug":"etablissement-2","status":"publish","type":"page","link":"https:\/\/pem-fourmies.fr\/index.php\/etablissement-2\/","title":{"rendered":"Etablissement"},"content":{"rendered":"<p><a href=\"http:\/\/pem-fourmies.fr\/wp-content\/uploads\/2015\/05\/GR.jpg\">\u00a0<\/a><\/p>\n<p><a href=\"https:\/\/pem-fourmies.fr\/wp-content\/uploads\/2019\/07\/DSC_0237.jpg\"><img loading=\"lazy\" decoding=\"async\" class=\"alignnone size-medium wp-image-2022\" src=\"https:\/\/pem-fourmies.fr\/wp-content\/uploads\/2019\/07\/DSC_0237-300x200.jpg\" alt=\"\" width=\"300\" height=\"200\" srcset=\"https:\/\/pem-fourmies.fr\/wp-content\/uploads\/2019\/07\/DSC_0237-300x200.jpg 300w, https:\/\/pem-fourmies.fr\/wp-content\/uploads\/2019\/07\/DSC_0237-768x512.jpg 768w, https:\/\/pem-fourmies.fr\/wp-content\/uploads\/2019\/07\/DSC_0237-1024x683.jpg 1024w\" sizes=\"auto, (max-width: 300px) 100vw, 300px\" \/><\/a><\/p>\n<p>Je suis Olivier CAMBIER, le directeur d&rsquo;\u00e9tablissement et suis tr\u00e8s heureux de vous accueillir sur le site internet du <strong>P\u00f4le d&rsquo;Enseignement Musical de Fourmies<\/strong>.<\/p>\n<p>Si vous visitez ce site c&rsquo;est que, tr\u00e8s certainement, nous partageons la m\u00eame passion : \u00ab <strong>LA MUSIQUE<\/strong> \u00bb, qu&rsquo;elle soit classique ou actuelle. Notre \u00e9tablissement ouvre ses portes \u00e0 tous :<\/p>\n<ul>\n<li>Enfants<\/li>\n<li>Adolescents<\/li>\n<li>Adultes (sans limite d&rsquo;\u00e2ge)<\/li>\n<\/ul>\n<p>Il propose un cursus musical amenant \u00e0 un haut niveau et permettant, \u00e0 ceux qui le souhaitent, d&rsquo;int\u00e9grer l&rsquo;un de nos grands Conservatoires Nationaux de R\u00e9gion. <strong><span style=\"color: #99cc00;\">Notre volont\u00e9 :\u00a0R\u00e9pondre aux attentes de chacun !<\/span><\/strong><\/p>\n","protected":false},"excerpt":{"rendered":"<p>\u00a0 Je suis Olivier CAMBIER, le directeur d&rsquo;\u00e9tablissement et suis tr\u00e8s heureux de vous accueillir sur le site internet du P\u00f4le d&rsquo;Enseignement Musical de Fourmies. Si vous visitez ce site c&rsquo;est que, tr\u00e8s certainement, nous partageons la m\u00eame passion : \u00ab LA MUSIQUE \u00bb, qu&rsquo;elle soit classique ou actuelle. Notre \u00e9tablissement ouvre ses portes \u00e0 [&hellip;]<\/p>\n","protected":false},"author":1,"featured_media":0,"parent":0,"menu_order":0,"comment_status":"open","ping_status":"open","template":"etablissement.php","meta":{"_genesis_hide_title":false,"_genesis_hide_breadcrumbs":false,"_genesis_hide_singular_image":false,"_genesis_hide_footer_widgets":false,"_genesis_custom_body_class":"","_genesis_custom_post_class":"","_genesis_layout":"","footnotes":""},"class_list":{"0":"post-21","1":"page","2":"type-page","3":"status-publish","5":"entry","6":"has-post-thumbnail"},"_links":{"self":[{"href":"https:\/\/pem-fourmies.fr\/index.php\/wp-json\/wp\/v2\/pages\/21","targetHints":{"allow":["GET"]}}],"collection":[{"href":"https:\/\/pem-fourmies.fr\/index.php\/wp-json\/wp\/v2\/pages"}],"about":[{"href":"https:\/\/pem-fourmies.fr\/index.php\/wp-json\/wp\/v2\/types\/page"}],"author":[{"embeddable":true,"href":"https:\/\/pem-fourmies.fr\/index.php\/wp-json\/wp\/v2\/users\/1"}],"replies":[{"embeddable":true,"href":"https:\/\/pem-fourmies.fr\/index.php\/wp-json\/wp\/v2\/comments?post=21"}],"version-history":[{"count":41,"href":"https:\/\/pem-fourmies.fr\/index.php\/wp-json\/wp\/v2\/pages\/21\/revisions"}],"predecessor-version":[{"id":10731,"href":"https:\/\/pem-fourmies.fr\/index.php\/wp-json\/wp\/v2\/pages\/21\/revisions\/10731"}],"wp:attachment":[{"href":"https:\/\/pem-fourmies.fr\/index.php\/wp-json\/wp\/v2\/media?parent=21"}],"curies":[{"name":"wp","href":"https:\/\/api.w.org\/{rel}","templated":true}]}}